{"id":214,"date":"2023-06-10T17:56:19","date_gmt":"2023-06-10T16:56:19","guid":{"rendered":"https:\/\/spa-tanger.com\/?page_id=214"},"modified":"2023-06-10T18:07:22","modified_gmt":"2023-06-10T17:07:22","slug":"pongase-en-contacto-con","status":"publish","type":"page","link":"https:\/\/spa-tanger.com\/es\/contact\/","title":{"rendered":"P\u00f3ngase en contacto con"},"content":{"rendered":"<style>.elementor-214 .elementor-element.elementor-element-26321ef7 > .elementor-container{max-width:1000px;}.elementor-214 .elementor-element.elementor-element-26321ef7:not(.elementor-motion-effects-element-type-background), .elementor-214 .elementor-element.elementor-element-26321ef7 > .elementor-motion-effects-container > .elementor-motion-effects-layer{background-image:url(\"https:\/\/spa-tanger.com\/wp-content\/uploads\/2023\/06\/spa-herbal-soap.jpg\");background-position:0px 88%;background-repeat:no-repeat;background-size:cover;}.elementor-214 .elementor-element.elementor-element-26321ef7 > .elementor-background-overlay{background-color:#292429;opacity:0.7;transition:background 0.3s, border-radius 0.3s, opacity 0.3s;}.elementor-214 .elementor-element.elementor-element-26321ef7{transition:background 0.3s, border 0.3s, border-radius 0.3s, box-shadow 0.3s;padding:100px 0px 100px 0px;}.elementor-214 .elementor-element.elementor-element-26321ef7 > .elementor-shape-bottom .elementor-shape-fill{fill:#FFFFFF;}.elementor-214 .elementor-element.elementor-element-26321ef7 > .elementor-shape-bottom svg{width:calc(100% + 1.3px);height:90px;}.elementor-214 .elementor-element.elementor-element-7ab7d5eb.elementor-column > .elementor-widget-wrap{justify-content:center;}.elementor-214 .elementor-element.elementor-element-5c87f6ad{text-align:center;}.elementor-214 .elementor-element.elementor-element-5c87f6ad .elementor-heading-title{font-family:\"Alex Brush\", Sans-serif;font-size:100px;font-weight:400;line-height:1em;color:#FFFFFF;}.elementor-214 .elementor-element.elementor-element-461d46c7 > .elementor-container{max-width:900px;}.elementor-214 .elementor-element.elementor-element-461d46c7{padding:100px 0px 100px 0px;}.elementor-214 .elementor-element.elementor-element-73c0e19e{text-align:center;z-index:1;}.elementor-214 .elementor-element.elementor-element-73c0e19e .elementor-heading-title{font-family:var( --e-global-typography-secondary-font-family ), Sans-serif;font-size:var( --e-global-typography-secondary-font-size );font-weight:var( --e-global-typography-secondary-font-weight );line-height:var( --e-global-typography-secondary-line-height );color:#50414A;}.elementor-214 .elementor-element.elementor-element-4715826b{text-align:center;font-size:16px;font-weight:400;line-height:1.8em;color:#3A2C39;}.elementor-214 .elementor-element.elementor-element-4715826b > .elementor-widget-container{padding:0% 10% 0% 10%;}.elementor-214 .elementor-element.elementor-element-e918e80 .elementor-field-group{padding-right:calc( 10px\/2 );padding-left:calc( 10px\/2 );margin-bottom:10px;}.elementor-214 .elementor-element.elementor-element-e918e80 .elementor-form-fields-wrapper{margin-left:calc( -10px\/2 );margin-right:calc( -10px\/2 );margin-bottom:-10px;}.elementor-214 .elementor-element.elementor-element-e918e80 .elementor-field-group.recaptcha_v3-bottomleft, .elementor-214 .elementor-element.elementor-element-e918e80 .elementor-field-group.recaptcha_v3-bottomright{margin-bottom:0;}body.rtl .elementor-214 .elementor-element.elementor-element-e918e80 .elementor-labels-inline .elementor-field-group > label{padding-left:0px;}body:not(.rtl) .elementor-214 .elementor-element.elementor-element-e918e80 .elementor-labels-inline .elementor-field-group > label{padding-right:0px;}body .elementor-214 .elementor-element.elementor-element-e918e80 .elementor-labels-above .elementor-field-group > label{padding-bottom:0px;}.elementor-214 .elementor-element.elementor-element-e918e80 .elementor-field-type-html{padding-bottom:0px;}.elementor-214 .elementor-element.elementor-element-e918e80 .elementor-field-group:not(.elementor-field-type-upload) .elementor-field:not(.elementor-select-wrapper){background-color:#ffffff;}.elementor-214 .elementor-element.elementor-element-e918e80 .elementor-field-group .elementor-select-wrapper select{background-color:#ffffff;}.elementor-214 .elementor-element.elementor-element-e918e80 .e-form__buttons__wrapper__button-next{background-color:var( --e-global-color-secondary );color:#ffffff;}.elementor-214 .elementor-element.elementor-element-e918e80 .elementor-button[type=\"submit\"]{background-color:var( --e-global-color-secondary );color:#ffffff;}.elementor-214 .elementor-element.elementor-element-e918e80 .elementor-button[type=\"submit\"] svg *{fill:#ffffff;}.elementor-214 .elementor-element.elementor-element-e918e80 .e-form__buttons__wrapper__button-previous{color:#ffffff;}.elementor-214 .elementor-element.elementor-element-e918e80 .e-form__buttons__wrapper__button-next:hover{color:#ffffff;}.elementor-214 .elementor-element.elementor-element-e918e80 .elementor-button[type=\"submit\"]:hover{color:#ffffff;}.elementor-214 .elementor-element.elementor-element-e918e80 .elementor-button[type=\"submit\"]:hover svg *{fill:#ffffff;}.elementor-214 .elementor-element.elementor-element-e918e80 .e-form__buttons__wrapper__button-previous:hover{color:#ffffff;}.elementor-214 .elementor-element.elementor-element-e918e80{--e-form-steps-indicators-spacing:20px;--e-form-steps-indicator-padding:30px;--e-form-steps-indicator-inactive-secondary-color:#ffffff;--e-form-steps-indicator-active-secondary-color:#ffffff;--e-form-steps-indicator-completed-secondary-color:#ffffff;--e-form-steps-divider-width:1px;--e-form-steps-divider-gap:10px;}.elementor-214 .elementor-element.elementor-element-5cb60200{margin-top:0px;margin-bottom:-95px;}.elementor-214 .elementor-element.elementor-element-142050fe iframe{height:500px;}:root{--page-title-display:none;}@media(max-width:1024px){.elementor-214 .elementor-element.elementor-element-26321ef7:not(.elementor-motion-effects-element-type-background), .elementor-214 .elementor-element.elementor-element-26321ef7 > .elementor-motion-effects-container > .elementor-motion-effects-layer{background-position:0px 0px;}.elementor-214 .elementor-element.elementor-element-7ab7d5eb > .elementor-element-populated{margin:0px 10px 0px 10px;--e-column-margin-right:10px;--e-column-margin-left:10px;}.elementor-214 .elementor-element.elementor-element-5c87f6ad .elementor-heading-title{font-size:80px;}.elementor-214 .elementor-element.elementor-element-461d46c7{padding:80px 0px 80px 0px;}.elementor-214 .elementor-element.elementor-element-4c517820 > .elementor-element-populated{margin:0px 10px 0px 10px;--e-column-margin-right:10px;--e-column-margin-left:10px;}.elementor-214 .elementor-element.elementor-element-73c0e19e .elementor-heading-title{font-size:var( --e-global-typography-secondary-font-size );line-height:var( --e-global-typography-secondary-line-height );}.elementor-214 .elementor-element.elementor-element-4715826b{font-size:13px;}.elementor-214 .elementor-element.elementor-element-4715826b > .elementor-widget-container{padding:0px 0px 0px 0px;}.elementor-214 .elementor-element.elementor-element-5cb60200{margin-top:0px;margin-bottom:-160px;}}@media(max-width:767px){.elementor-214 .elementor-element.elementor-element-26321ef7:not(.elementor-motion-effects-element-type-background), .elementor-214 .elementor-element.elementor-element-26321ef7 > .elementor-motion-effects-container > .elementor-motion-effects-layer{background-position:0px 0px;}.elementor-214 .elementor-element.elementor-element-7ab7d5eb > .elementor-element-populated{margin:0px 5px 0px 5px;--e-column-margin-right:5px;--e-column-margin-left:5px;}.elementor-214 .elementor-element.elementor-element-5c87f6ad .elementor-heading-title{font-size:53px;}.elementor-214 .elementor-element.elementor-element-461d46c7{padding:50px 0px 50px 0px;}.elementor-214 .elementor-element.elementor-element-4c517820 > .elementor-element-populated{margin:0px 5px 0px 5px;--e-column-margin-right:5px;--e-column-margin-left:5px;}.elementor-214 .elementor-element.elementor-element-73c0e19e .elementor-heading-title{font-size:var( --e-global-typography-secondary-font-size );line-height:var( --e-global-typography-secondary-line-height );}.elementor-214 .elementor-element.elementor-element-4715826b{font-size:16px;}.elementor-214 .elementor-element.elementor-element-5cb60200{margin-top:0px;margin-bottom:-140px;}}<\/style>\t\t<div data-elementor-type=\"wp-page\" data-elementor-id=\"214\" class=\"elementor elementor-214\" data-elementor-post-type=\"page\">\n\t\t\t\t\t\t<section class=\"elementor-section elementor-top-section elementor-element elementor-element-26321ef7 elementor-section-boxed elementor-section-height-default elementor-section-height-default\" data-id=\"26321ef7\" data-element_type=\"section\" data-e-type=\"section\" data-settings=\"{&quot;background_background&quot;:&quot;classic&quot;,&quot;shape_divider_bottom&quot;:&quot;waves&quot;}\">\n\t\t\t\t\t\t\t<div class=\"elementor-background-overlay\"><\/div>\n\t\t\t\t\t\t<div class=\"elementor-shape elementor-shape-bottom\" aria-hidden=\"true\" data-negative=\"false\">\n\t\t\t<svg xmlns=\"http:\/\/www.w3.org\/2000\/svg\" viewBox=\"0 0 1000 100\" preserveAspectRatio=\"none\">\n\t<path class=\"elementor-shape-fill\" d=\"M421.9,6.5c22.6-2.5,51.5,0.4,75.5,5.3c23.6,4.9,70.9,23.5,100.5,35.7c75.8,32.2,133.7,44.5,192.6,49.7\n\tc23.6,2.1,48.7,3.5,103.4-2.5c54.7-6,106.2-25.6,106.2-25.6V0H0v30.3c0,0,72,32.6,158.4,30.5c39.2-0.7,92.8-6.7,134-22.4\n\tc21.2-8.1,52.2-18.2,79.7-24.2C399.3,7.9,411.6,7.5,421.9,6.5z\"\/>\n<\/svg>\t\t<\/div>\n\t\t\t\t\t<div class=\"elementor-container elementor-column-gap-default\">\n\t\t\t\t\t<div class=\"elementor-column elementor-col-100 elementor-top-column elementor-element elementor-element-7ab7d5eb\" data-id=\"7ab7d5eb\" data-element_type=\"column\" data-e-type=\"column\">\n\t\t\t<div class=\"elementor-widget-wrap elementor-element-populated\">\n\t\t\t\t\t\t<div class=\"elementor-element elementor-element-5c87f6ad elementor-widget elementor-widget-heading\" data-id=\"5c87f6ad\" data-element_type=\"widget\" data-e-type=\"widget\" data-widget_type=\"heading.default\">\n\t\t\t\t<div class=\"elementor-widget-container\">\n\t\t\t\t\t<h1 class=\"elementor-heading-title elementor-size-default\">Contact<\/h1>\t\t\t\t<\/div>\n\t\t\t\t<\/div>\n\t\t\t\t\t<\/div>\n\t\t<\/div>\n\t\t\t\t\t<\/div>\n\t\t<\/section>\n\t\t\t\t<section class=\"elementor-section elementor-top-section elementor-element elementor-element-461d46c7 elementor-section-boxed elementor-section-height-default elementor-section-height-default\" data-id=\"461d46c7\" data-element_type=\"section\" data-e-type=\"section\">\n\t\t\t\t\t\t<div class=\"elementor-container elementor-column-gap-default\">\n\t\t\t\t\t<div class=\"elementor-column elementor-col-100 elementor-top-column elementor-element elementor-element-4c517820\" data-id=\"4c517820\" data-element_type=\"column\" data-e-type=\"column\">\n\t\t\t<div class=\"elementor-widget-wrap elementor-element-populated\">\n\t\t\t\t\t\t<div class=\"elementor-element elementor-element-73c0e19e elementor-widget elementor-widget-heading\" data-id=\"73c0e19e\" data-element_type=\"widget\" data-e-type=\"widget\" data-widget_type=\"heading.default\">\n\t\t\t\t<div class=\"elementor-widget-container\">\n\t\t\t\t\t<h2 class=\"elementor-heading-title elementor-size-default\">Connectez-vous avec nous<\/h2>\t\t\t\t<\/div>\n\t\t\t\t<\/div>\n\t\t\t\t<div class=\"elementor-element elementor-element-4715826b elementor-widget elementor-widget-text-editor\" data-id=\"4715826b\" data-element_type=\"widget\" data-e-type=\"widget\" data-widget_type=\"text-editor.default\">\n\t\t\t\t<div class=\"elementor-widget-container\">\n\t\t\t\t\t\t\t\t\t<p>Situ\u00e9 dans centre ville de tanger , Spa Tanger vous fait vivre une parenth\u00e8se d\u2019exception dans son salon de massages et beaut\u00e9.<\/p><p>Profitez \u00e9galement d\u2019un massage solo ou en couple, d\u2019un soin du visage D\u00e9couvrez un univers de d\u00e9tente o\u00f9 luxe c\u2019est d\u2019\u00eatre seuls au monde.<\/p>\t\t\t\t\t\t\t\t<\/div>\n\t\t\t\t<\/div>\n\t\t\t\t<div class=\"elementor-element elementor-element-e918e80 elementor-widget elementor-widget-form\" data-id=\"e918e80\" data-element_type=\"widget\" data-e-type=\"widget\" data-settings=\"{&quot;step_next_label&quot;:&quot;Next&quot;,&quot;step_previous_label&quot;:&quot;Previous&quot;,&quot;step_type&quot;:&quot;number_text&quot;,&quot;step_icon_shape&quot;:&quot;circle&quot;}\" data-widget_type=\"form.default\">\n\t\t\t\t<div class=\"elementor-widget-container\">\n\t\t\t\t\t\t\t<form class=\"elementor-form\" method=\"post\" name=\"New Form\">\n\t\t\t<input type=\"hidden\" name=\"post_id\" value=\"214\"\/>\n\t\t\t<input type=\"hidden\" name=\"form_id\" value=\"e918e80\"\/>\n\t\t\t<input type=\"hidden\" name=\"referer_title\" value=\"\" \/>\n\n\t\t\t\n\t\t\t<div class=\"elementor-form-fields-wrapper elementor-labels-above\">\n\t\t\t\t\t\t\t\t<div class=\"elementor-field-type-text elementor-field-group elementor-column elementor-field-group-field_c434e08 elementor-col-50 elementor-field-required elementor-mark-required\">\n\t\t\t\t\t\t\t\t\t\t\t\t<label for=\"form-field-field_c434e08\" class=\"elementor-field-label\">\n\t\t\t\t\t\t\t\tPR\u00c9NOM\t\t\t\t\t\t\t<\/label>\n\t\t\t\t\t\t\t\t\t\t\t\t\t\t<input size=\"1\" type=\"text\" name=\"form_fields[field_c434e08]\" id=\"form-field-field_c434e08\" class=\"elementor-field elementor-size-sm  elementor-field-textual\" placeholder=\"Jhon\" required=\"required\">\n\t\t\t\t\t\t\t\t\t\t\t<\/div>\n\t\t\t\t\t\t\t\t<div class=\"elementor-field-type-text elementor-field-group elementor-column elementor-field-group-field_9913242 elementor-col-50 elementor-field-required elementor-mark-required\">\n\t\t\t\t\t\t\t\t\t\t\t\t<label for=\"form-field-field_9913242\" class=\"elementor-field-label\">\n\t\t\t\t\t\t\t\tNOM\t\t\t\t\t\t\t<\/label>\n\t\t\t\t\t\t\t\t\t\t\t\t\t\t<input size=\"1\" type=\"text\" name=\"form_fields[field_9913242]\" id=\"form-field-field_9913242\" class=\"elementor-field elementor-size-sm  elementor-field-textual\" placeholder=\"smith\" required=\"required\">\n\t\t\t\t\t\t\t\t\t\t\t<\/div>\n\t\t\t\t\t\t\t\t<div class=\"elementor-field-type-tel elementor-field-group elementor-column elementor-field-group-field_2114dcf elementor-col-100 elementor-field-required elementor-mark-required\">\n\t\t\t\t\t\t\t\t\t\t\t\t<label for=\"form-field-field_2114dcf\" class=\"elementor-field-label\">\n\t\t\t\t\t\t\t\tT\u00c9L\u00c9PHONE\t\t\t\t\t\t\t<\/label>\n\t\t\t\t\t\t\t\t<input size=\"1\" type=\"tel\" name=\"form_fields[field_2114dcf]\" id=\"form-field-field_2114dcf\" class=\"elementor-field elementor-size-sm  elementor-field-textual\" placeholder=\"+33 5367627788\" required=\"required\" pattern=\"[0-9()#&amp;+*-=.]+\" title=\"Only numbers and phone characters (#, -, *, etc) are accepted.\">\n\n\t\t\t\t\t\t<\/div>\n\t\t\t\t\t\t\t\t<div class=\"elementor-field-type-textarea elementor-field-group elementor-column elementor-field-group-field_74d7959 elementor-col-100\">\n\t\t\t\t\t\t\t\t\t\t\t\t<label for=\"form-field-field_74d7959\" class=\"elementor-field-label\">\n\t\t\t\t\t\t\t\tOBJET\t\t\t\t\t\t\t<\/label>\n\t\t\t\t\t\t<textarea class=\"elementor-field-textual elementor-field  elementor-size-sm\" name=\"form_fields[field_74d7959]\" id=\"form-field-field_74d7959\" rows=\"4\" placeholder=\"Message\"><\/textarea>\t\t\t\t<\/div>\n\t\t\t\t\t\t\t\t<div class=\"elementor-field-group elementor-column elementor-field-type-submit elementor-col-100 e-form__buttons\">\n\t\t\t\t\t<button class=\"elementor-button elementor-size-xs\" type=\"submit\">\n\t\t\t\t\t\t<span class=\"elementor-button-content-wrapper\">\n\t\t\t\t\t\t\t\t\t\t\t\t\t\t\t\t\t\t\t\t\t\t<span class=\"elementor-button-text\">Envoyer<\/span>\n\t\t\t\t\t\t\t\t\t\t\t\t\t<\/span>\n\t\t\t\t\t<\/button>\n\t\t\t\t<\/div>\n\t\t\t<\/div>\n\t\t<\/form>\n\t\t\t\t\t\t<\/div>\n\t\t\t\t<\/div>\n\t\t\t\t\t<\/div>\n\t\t<\/div>\n\t\t\t\t\t<\/div>\n\t\t<\/section>\n\t\t\t\t<section class=\"elementor-section elementor-top-section elementor-element elementor-element-5cb60200 elementor-section-full_width elementor-section-height-default elementor-section-height-default\" data-id=\"5cb60200\" data-element_type=\"section\" data-e-type=\"section\">\n\t\t\t\t\t\t<div class=\"elementor-container elementor-column-gap-no\">\n\t\t\t\t\t<div class=\"elementor-column elementor-col-100 elementor-top-column elementor-element elementor-element-75a582b8\" data-id=\"75a582b8\" data-element_type=\"column\" data-e-type=\"column\">\n\t\t\t<div class=\"elementor-widget-wrap elementor-element-populated\">\n\t\t\t\t\t\t<div class=\"elementor-element elementor-element-142050fe elementor-widget elementor-widget-google_maps\" data-id=\"142050fe\" data-element_type=\"widget\" data-e-type=\"widget\" data-widget_type=\"google_maps.default\">\n\t\t\t\t<div class=\"elementor-widget-container\">\n\t\t\t\t\t\t\t<div class=\"elementor-custom-embed\">\n\t\t\t<iframe loading=\"lazy\"\n\t\t\t\t\tsrc=\"https:\/\/maps.google.com\/maps?q=tanger&#038;t=m&#038;z=16&#038;output=embed&#038;iwloc=near\"\n\t\t\t\t\ttitle=\"tanger\"\n\t\t\t\t\taria-label=\"tanger\"\n\t\t\t><\/iframe>\n\t\t<\/div>\n\t\t\t\t\t\t<\/div>\n\t\t\t\t<\/div>\n\t\t\t\t\t<\/div>\n\t\t<\/div>\n\t\t\t\t\t<\/div>\n\t\t<\/section>\n\t\t\t\t<\/div>\n\t\t","protected":false},"excerpt":{"rendered":"<p>Contact Connectez-vous avec nous Situ\u00e9 dans centre ville de tanger , Spa Tanger vous fait vivre une parenth\u00e8se d\u2019exception dans son salon de massages et beaut\u00e9. Profitez \u00e9galement d\u2019un massage solo ou en couple, d\u2019un soin du visage D\u00e9couvrez un univers de d\u00e9tente o\u00f9 luxe c\u2019est d\u2019\u00eatre seuls au monde.<\/p>","protected":false},"author":1,"featured_media":0,"parent":0,"menu_order":0,"comment_status":"closed","ping_status":"closed","template":"","meta":{"_joinchat":[],"footnotes":""},"class_list":["post-214","page","type-page","status-publish","hentry"],"_links":{"self":[{"href":"https:\/\/spa-tanger.com\/es\/wp-json\/wp\/v2\/pages\/214","targetHints":{"allow":["GET"]}}],"collection":[{"href":"https:\/\/spa-tanger.com\/es\/wp-json\/wp\/v2\/pages"}],"about":[{"href":"https:\/\/spa-tanger.com\/es\/wp-json\/wp\/v2\/types\/page"}],"author":[{"embeddable":true,"href":"https:\/\/spa-tanger.com\/es\/wp-json\/wp\/v2\/users\/1"}],"replies":[{"embeddable":true,"href":"https:\/\/spa-tanger.com\/es\/wp-json\/wp\/v2\/comments?post=214"}],"version-history":[{"count":22,"href":"https:\/\/spa-tanger.com\/es\/wp-json\/wp\/v2\/pages\/214\/revisions"}],"predecessor-version":[{"id":241,"href":"https:\/\/spa-tanger.com\/es\/wp-json\/wp\/v2\/pages\/214\/revisions\/241"}],"wp:attachment":[{"href":"https:\/\/spa-tanger.com\/es\/wp-json\/wp\/v2\/media?parent=214"}],"curies":[{"name":"wp","href":"https:\/\/api.w.org\/{rel}","templated":true}]}}