{"id":910,"date":"2025-02-06T12:17:36","date_gmt":"2025-02-06T11:17:36","guid":{"rendered":"https:\/\/spa-tanger.com\/?page_id=910"},"modified":"2025-09-01T12:54:50","modified_gmt":"2025-09-01T11:54:50","slug":"manicura-pedicura-tanger","status":"publish","type":"page","link":"https:\/\/spa-tanger.com\/es\/manucure-pedicure-tanger\/","title":{"rendered":"Manicura y pedicura"},"content":{"rendered":"<style>.elementor-910 .elementor-element.elementor-element-06f8f47:not(.elementor-motion-effects-element-type-background), .elementor-910 .elementor-element.elementor-element-06f8f47 > .elementor-motion-effects-container > .elementor-motion-effects-layer{background-image:url(\"https:\/\/spa-tanger.com\/wp-content\/uploads\/2025\/02\/Pedicurie-tanger.jpg\");background-position:center center;background-repeat:no-repeat;background-size:cover;}.elementor-910 .elementor-element.elementor-element-06f8f47 > .elementor-background-overlay{background-color:#000000;opacity:0.29;transition:background 0.3s, border-radius 0.3s, opacity 0.3s;}.elementor-910 .elementor-element.elementor-element-06f8f47{transition:background 0.3s, border 0.3s, border-radius 0.3s, box-shadow 0.3s;}.elementor-910 .elementor-element.elementor-element-0852061{--spacer-size:125px;}.elementor-910 .elementor-element.elementor-element-602af0a{text-align:center;}.elementor-910 .elementor-element.elementor-element-602af0a .elementor-heading-title{font-size:44px;font-weight:700;color:var( --e-global-color-962e9d6 );}.elementor-910 .elementor-element.elementor-element-961abb5{--spacer-size:125px;}.elementor-910 .elementor-element.elementor-element-1f0470a > .elementor-container{max-width:764px;}.elementor-910 .elementor-element.elementor-element-1f0470a{padding:24px 24px 24px 24px;}.elementor-910 .elementor-element.elementor-element-9731c61{text-align:center;}.elementor-910 .elementor-element.elementor-element-5782fa2{text-align:center;}.elementor-910 .elementor-element.elementor-element-5cd15a7 img{height:370px;}.elementor-910 .elementor-element.elementor-element-e40c2fd{padding:43px 43px 43px 43px;}.elementor-910 .elementor-element.elementor-element-e583263{text-align:center;}.elementor-910 .elementor-element.elementor-element-7320845{text-align:center;}.elementor-910 .elementor-element.elementor-element-f9054d9 .elementor-button:hover, .elementor-910 .elementor-element.elementor-element-f9054d9 .elementor-button:focus{color:var( --e-global-color-text );background-color:#02010105;}.elementor-910 .elementor-element.elementor-element-f9054d9 .elementor-button:hover svg, .elementor-910 .elementor-element.elementor-element-f9054d9 .elementor-button:focus svg{fill:var( --e-global-color-text );}.elementor-910 .elementor-element.elementor-element-f9054d9 .elementor-button{border-style:none;}:root{--page-title-display:none;}<\/style>\t\t<div data-elementor-type=\"wp-page\" data-elementor-id=\"910\" class=\"elementor elementor-910\" data-elementor-post-type=\"page\">\n\t\t\t\t\t\t<section class=\"elementor-section elementor-top-section elementor-element elementor-element-06f8f47 elementor-section-boxed elementor-section-height-default elementor-section-height-default\" data-id=\"06f8f47\" data-element_type=\"section\" data-e-type=\"section\" data-settings=\"{&quot;background_background&quot;:&quot;classic&quot;}\">\n\t\t\t\t\t\t\t<div class=\"elementor-background-overlay\"><\/div>\n\t\t\t\t\t\t\t<div class=\"elementor-container elementor-column-gap-default\">\n\t\t\t\t\t<div class=\"elementor-column elementor-col-100 elementor-top-column elementor-element elementor-element-81bf8ab\" data-id=\"81bf8ab\" data-element_type=\"column\" data-e-type=\"column\">\n\t\t\t<div class=\"elementor-widget-wrap elementor-element-populated\">\n\t\t\t\t\t\t<div class=\"elementor-element elementor-element-0852061 elementor-widget elementor-widget-spacer\" data-id=\"0852061\" data-element_type=\"widget\" data-e-type=\"widget\" data-widget_type=\"spacer.default\">\n\t\t\t\t<div class=\"elementor-widget-container\">\n\t\t\t\t\t\t\t<div class=\"elementor-spacer\">\n\t\t\t<div class=\"elementor-spacer-inner\"><\/div>\n\t\t<\/div>\n\t\t\t\t\t\t<\/div>\n\t\t\t\t<\/div>\n\t\t\t\t<div class=\"elementor-element elementor-element-602af0a elementor-widget elementor-widget-heading\" data-id=\"602af0a\" data-element_type=\"widget\" data-e-type=\"widget\" data-widget_type=\"heading.default\">\n\t\t\t\t<div class=\"elementor-widget-container\">\n\t\t\t\t\t<p class=\"elementor-heading-title elementor-size-default\">Manucure &amp; P\u00e9dicure <\/p>\t\t\t\t<\/div>\n\t\t\t\t<\/div>\n\t\t\t\t<div class=\"elementor-element elementor-element-961abb5 elementor-widget elementor-widget-spacer\" data-id=\"961abb5\" data-element_type=\"widget\" data-e-type=\"widget\" data-widget_type=\"spacer.default\">\n\t\t\t\t<div class=\"elementor-widget-container\">\n\t\t\t\t\t\t\t<div class=\"elementor-spacer\">\n\t\t\t<div class=\"elementor-spacer-inner\"><\/div>\n\t\t<\/div>\n\t\t\t\t\t\t<\/div>\n\t\t\t\t<\/div>\n\t\t\t\t\t<\/div>\n\t\t<\/div>\n\t\t\t\t\t<\/div>\n\t\t<\/section>\n\t\t\t\t<section class=\"elementor-section elementor-top-section elementor-element elementor-element-1f0470a elementor-section-boxed elementor-section-height-default elementor-section-height-default\" data-id=\"1f0470a\" data-element_type=\"section\" data-e-type=\"section\">\n\t\t\t\t\t\t<div class=\"elementor-container elementor-column-gap-default\">\n\t\t\t\t\t<div class=\"elementor-column elementor-col-100 elementor-top-column elementor-element elementor-element-4deba67\" data-id=\"4deba67\" data-element_type=\"column\" data-e-type=\"column\">\n\t\t\t<div class=\"elementor-widget-wrap elementor-element-populated\">\n\t\t\t\t\t\t<div class=\"elementor-element elementor-element-9731c61 elementor-widget elementor-widget-heading\" data-id=\"9731c61\" data-element_type=\"widget\" data-e-type=\"widget\" data-widget_type=\"heading.default\">\n\t\t\t\t<div class=\"elementor-widget-container\">\n\t\t\t\t\t<h1 class=\"elementor-heading-title elementor-size-default\">Manucure &amp; P\u00e9dicure \u00e0 Tanger <\/h1>\t\t\t\t<\/div>\n\t\t\t\t<\/div>\n\t\t\t\t<div class=\"elementor-element elementor-element-5782fa2 elementor-widget elementor-widget-text-editor\" data-id=\"5782fa2\" data-element_type=\"widget\" data-e-type=\"widget\" data-widget_type=\"text-editor.default\">\n\t\t\t\t<div class=\"elementor-widget-container\">\n\t\t\t\t\t\t\t\t\t<p data-start=\"323\" data-end=\"603\">Chez <a href=\"https:\/\/spa-tanger.com\/\"><strong data-start=\"328\" data-end=\"344\">Purina SPA Tanger <\/strong><\/a>, nous transformons la manucure et la p\u00e9dicure en une v\u00e9ritable exp\u00e9rience de d\u00e9tente et de beaut\u00e9. Que vous soyez une femme ou un homme, nos soins sont con\u00e7us pour allier esth\u00e9tique, confort et bien-\u00eatre dans un cadre raffin\u00e9 et apaisant au c\u0153ur de Tanger.<\/p>\n<p data-start=\"605\" data-end=\"922\">Nos esth\u00e9ticiennes expertes utilisent uniquement des produits professionnels haut de gamme afin de nourrir la peau, sublimer vos ongles et offrir \u00e0 vos mains et pieds l\u2019attention qu\u2019ils m\u00e9ritent. Du soin rapide avant une sortie \u00e0 la formule spa compl\u00e8te, chaque prestation est adapt\u00e9e \u00e0 vos envies et \u00e0 vos besoins.<\/p>\t\t\t\t\t\t\t\t<\/div>\n\t\t\t\t<\/div>\n\t\t\t\t\t<\/div>\n\t\t<\/div>\n\t\t\t\t\t<\/div>\n\t\t<\/section>\n\t\t\t\t<section class=\"elementor-section elementor-top-section elementor-element elementor-element-ffa4e37 elementor-section-boxed elementor-section-height-default elementor-section-height-default\" data-id=\"ffa4e37\" data-element_type=\"section\" data-e-type=\"section\">\n\t\t\t\t\t\t<div class=\"elementor-container elementor-column-gap-default\">\n\t\t\t\t\t<div class=\"elementor-column elementor-col-50 elementor-top-column elementor-element elementor-element-3cdde72\" data-id=\"3cdde72\" data-element_type=\"column\" data-e-type=\"column\">\n\t\t\t<div class=\"elementor-widget-wrap elementor-element-populated\">\n\t\t\t\t\t\t<div class=\"elementor-element elementor-element-d35056e elementor-widget elementor-widget-heading\" data-id=\"d35056e\" data-element_type=\"widget\" data-e-type=\"widget\" data-widget_type=\"heading.default\">\n\t\t\t\t<div class=\"elementor-widget-container\">\n\t\t\t\t\t<h2 class=\"elementor-heading-title elementor-size-default\">Nos prestations de manucure et p\u00e9dicure \u00e0 Tanger<\/h2>\t\t\t\t<\/div>\n\t\t\t\t<\/div>\n\t\t\t\t<div class=\"elementor-element elementor-element-9ebe004 elementor-widget elementor-widget-text-editor\" data-id=\"9ebe004\" data-element_type=\"widget\" data-e-type=\"widget\" data-widget_type=\"text-editor.default\">\n\t\t\t\t<div class=\"elementor-widget-container\">\n\t\t\t\t\t\t\t\t\t<ul>\n<li data-start=\"984\" data-end=\"1098\">\n<p data-start=\"986\" data-end=\"1098\"><strong data-start=\"986\" data-end=\"1015\">Manucure classique ou spa<\/strong> : soin des ongles et cuticules, gommage, hydratation et pose de vernis au choix.<\/p>\n<\/li>\n<li data-start=\"1099\" data-end=\"1220\">\n<p data-start=\"1101\" data-end=\"1220\"><strong data-start=\"1101\" data-end=\"1131\">P\u00e9dicure esth\u00e9tique ou spa<\/strong> : bain relaxant, traitement des callosit\u00e9s, exfoliation, massage et finition parfaite.<\/p>\n<\/li>\n<li data-start=\"1221\" data-end=\"1313\">\n<p data-start=\"1223\" data-end=\"1313\"><strong data-start=\"1223\" data-end=\"1266\">Pose de vernis simple ou semi-permanent<\/strong> : tenue longue dur\u00e9e et brillance \u00e9clatante.<\/p>\n<\/li>\n<li data-start=\"1314\" data-end=\"1412\">\n<p data-start=\"1316\" data-end=\"1412\"><strong data-start=\"1316\" data-end=\"1350\">Manucure &amp; p\u00e9dicure pour homme<\/strong> : soins discrets, soign\u00e9s et adapt\u00e9s aux besoins masculins.<\/p>\n<\/li>\n<li data-start=\"1413\" data-end=\"1498\">\n<p data-start=\"1415\" data-end=\"1498\"><strong data-start=\"1415\" data-end=\"1445\">Forfaits duo mains &amp; pieds<\/strong> : pour une mise en beaut\u00e9 compl\u00e8te et harmonieuse.<\/p>\n<\/li>\n<\/ul>\t\t\t\t\t\t\t\t<\/div>\n\t\t\t\t<\/div>\n\t\t\t\t\t<\/div>\n\t\t<\/div>\n\t\t\t\t<div class=\"elementor-column elementor-col-50 elementor-top-column elementor-element elementor-element-19d581e\" data-id=\"19d581e\" data-element_type=\"column\" data-e-type=\"column\">\n\t\t\t<div class=\"elementor-widget-wrap elementor-element-populated\">\n\t\t\t\t\t\t<div class=\"elementor-element elementor-element-5cd15a7 elementor-widget elementor-widget-image\" data-id=\"5cd15a7\" data-element_type=\"widget\" data-e-type=\"widget\" data-widget_type=\"image.default\">\n\t\t\t\t<div class=\"elementor-widget-container\">\n\t\t\t\t\t\t\t\t\t\t\t\t\t\t\t<img fetchpriority=\"high\" decoding=\"async\" width=\"800\" height=\"800\" src=\"https:\/\/spa-tanger.com\/wp-content\/uploads\/2025\/02\/espace-de-pedicure.jpg\" class=\"attachment-large size-large wp-image-914\" alt=\"espace de pedicure\" srcset=\"https:\/\/spa-tanger.com\/wp-content\/uploads\/2025\/02\/espace-de-pedicure.jpg 806w, https:\/\/spa-tanger.com\/wp-content\/uploads\/2025\/02\/espace-de-pedicure-300x300.jpg 300w, https:\/\/spa-tanger.com\/wp-content\/uploads\/2025\/02\/espace-de-pedicure-150x150.jpg 150w, https:\/\/spa-tanger.com\/wp-content\/uploads\/2025\/02\/espace-de-pedicure-768x768.jpg 768w\" sizes=\"(max-width: 800px) 100vw, 800px\" \/>\t\t\t\t\t\t\t\t\t\t\t\t\t\t\t<\/div>\n\t\t\t\t<\/div>\n\t\t\t\t\t<\/div>\n\t\t<\/div>\n\t\t\t\t\t<\/div>\n\t\t<\/section>\n\t\t\t\t<section class=\"elementor-section elementor-top-section elementor-element elementor-element-e40c2fd elementor-section-boxed elementor-section-height-default elementor-section-height-default\" data-id=\"e40c2fd\" data-element_type=\"section\" data-e-type=\"section\">\n\t\t\t\t\t\t<div class=\"elementor-container elementor-column-gap-default\">\n\t\t\t\t\t<div class=\"elementor-column elementor-col-100 elementor-top-column elementor-element elementor-element-11917d3\" data-id=\"11917d3\" data-element_type=\"column\" data-e-type=\"column\">\n\t\t\t<div class=\"elementor-widget-wrap elementor-element-populated\">\n\t\t\t\t\t\t<div class=\"elementor-element elementor-element-fb8cb21 elementor-widget elementor-widget-heading\" data-id=\"fb8cb21\" data-element_type=\"widget\" data-e-type=\"widget\" data-widget_type=\"heading.default\">\n\t\t\t\t<div class=\"elementor-widget-container\">\n\t\t\t\t\t<h2 class=\"elementor-heading-title elementor-size-default\">Tarifs de Manucure et P\u00e9dicure <\/h2>\t\t\t\t<\/div>\n\t\t\t\t<\/div>\n\t\t\t\t<div class=\"elementor-element elementor-element-e6f0b3c elementor-widget elementor-widget-html\" data-id=\"e6f0b3c\" data-element_type=\"widget\" data-e-type=\"widget\" data-widget_type=\"html.default\">\n\t\t\t\t<div class=\"elementor-widget-container\">\n\t\t\t\t\t<table border=\"1\" style=\"width:100%; text-align:left; border-collapse:collapse;\"> <thead> <tr> <th style=\"padding:8px;\">Prestations<\/th> <th style=\"padding:8px;\">Tarifs (MAD)<\/th> <\/tr> <\/thead> <tbody> <tr> <td style=\"padding:8px;\">Manucure<\/td> <td style=\"padding:8px;\">200 dh<\/td> <\/tr> <tr> <td style=\"padding:8px;\">P\u00e9dicure<\/td> <td style=\"padding:8px;\">300 dh<\/td> <\/tr> <\/tbody> <\/table>\t\t\t\t<\/div>\n\t\t\t\t<\/div>\n\t\t\t\t<div class=\"elementor-element elementor-element-826fe1c elementor-widget elementor-widget-heading\" data-id=\"826fe1c\" data-element_type=\"widget\" data-e-type=\"widget\" data-widget_type=\"heading.default\">\n\t\t\t\t<div class=\"elementor-widget-container\">\n\t\t\t\t\t<h2 class=\"elementor-heading-title elementor-size-default\">Pourquoi choisir Purina  SPA ?<\/h2>\t\t\t\t<\/div>\n\t\t\t\t<\/div>\n\t\t\t\t<div class=\"elementor-element elementor-element-225faf7 elementor-widget elementor-widget-text-editor\" data-id=\"225faf7\" data-element_type=\"widget\" data-e-type=\"widget\" data-widget_type=\"text-editor.default\">\n\t\t\t\t<div class=\"elementor-widget-container\">\n\t\t\t\t\t\t\t\t\t<ul>\n<li data-start=\"2069\" data-end=\"2156\">\n<p data-start=\"2071\" data-end=\"2156\"><strong data-start=\"2071\" data-end=\"2100\">Expertise professionnelle<\/strong> : une \u00e9quipe form\u00e9e aux techniques les plus r\u00e9centes.<\/p>\n<\/li>\n<li data-start=\"2157\" data-end=\"2252\">\n<p data-start=\"2159\" data-end=\"2252\"><strong data-start=\"2159\" data-end=\"2179\">Produits premium<\/strong> : uniquement des marques reconnues pour leur qualit\u00e9 et leur s\u00e9curit\u00e9.<\/p>\n<\/li>\n<li data-start=\"2253\" data-end=\"2338\">\n<p data-start=\"2255\" data-end=\"2338\"><strong data-start=\"2255\" data-end=\"2277\">Ambiance apaisante<\/strong> : un espace raffin\u00e9 pens\u00e9 pour la d\u00e9tente et le bien-\u00eatre.<\/p>\n<\/li>\n<li data-start=\"2339\" data-end=\"2431\">\n<p data-start=\"2341\" data-end=\"2431\"><strong data-start=\"2341\" data-end=\"2366\">Hygi\u00e8ne irr\u00e9prochable<\/strong> : outils st\u00e9rilis\u00e9s et protocoles stricts pour votre s\u00e9curit\u00e9.<\/p>\n<\/li>\n<\/ul>\t\t\t\t\t\t\t\t<\/div>\n\t\t\t\t<\/div>\n\t\t\t\t<div class=\"elementor-element elementor-element-e583263 elementor-widget elementor-widget-heading\" data-id=\"e583263\" data-element_type=\"widget\" data-e-type=\"widget\" data-widget_type=\"heading.default\">\n\t\t\t\t<div class=\"elementor-widget-container\">\n\t\t\t\t\t<h2 class=\"elementor-heading-title elementor-size-default\">R\u00e9servez d\u00e8s maintenant<\/h2>\t\t\t\t<\/div>\n\t\t\t\t<\/div>\n\t\t\t\t<div class=\"elementor-element elementor-element-7320845 elementor-widget elementor-widget-text-editor\" data-id=\"7320845\" data-element_type=\"widget\" data-e-type=\"widget\" data-widget_type=\"text-editor.default\">\n\t\t\t\t<div class=\"elementor-widget-container\">\n\t\t\t\t\t\t\t\t\t<p>Pour une <strong data-start=\"2477\" data-end=\"2510\">manucure et p\u00e9dicure \u00e0 Tanger<\/strong> alliant \u00e9l\u00e9gance, soin et relaxation, faites confiance \u00e0 [Nom du Spa]. Offrez \u00e0 vos mains et \u00e0 vos pieds le luxe d\u2019un traitement complet et repartez avec des ongles impeccables et un style irr\u00e9prochable.<\/p>\t\t\t\t\t\t\t\t<\/div>\n\t\t\t\t<\/div>\n\t\t\t\t<div class=\"elementor-element elementor-element-f9054d9 elementor-align-center elementor-widget elementor-widget-button\" data-id=\"f9054d9\" data-element_type=\"widget\" data-e-type=\"widget\" data-widget_type=\"button.default\">\n\t\t\t\t<div class=\"elementor-widget-container\">\n\t\t\t\t\t\t\t\t\t<div class=\"elementor-button-wrapper\">\n\t\t\t\t\t<a class=\"elementor-button elementor-button-link elementor-size-sm\" href=\"https:\/\/spa-tanger.com\/contact\/\">\n\t\t\t\t\t\t<span class=\"elementor-button-content-wrapper\">\n\t\t\t\t\t\t\t\t\t<span class=\"elementor-button-text\">Prenez rendez-vous avec notre \u00e9quipe en cliquant ici.<\/span>\n\t\t\t\t\t<\/span>\n\t\t\t\t\t<\/a>\n\t\t\t\t<\/div>\n\t\t\t\t\t\t\t\t<\/div>\n\t\t\t\t<\/div>\n\t\t\t\t\t<\/div>\n\t\t<\/div>\n\t\t\t\t\t<\/div>\n\t\t<\/section>\n\t\t\t\t<\/div>\n\t\t","protected":false},"excerpt":{"rendered":"<p>Manucure &amp; P\u00e9dicure Manucure &amp; P\u00e9dicure \u00e0 Tanger Chez Purina SPA Tanger , nous transformons la manucure et la p\u00e9dicure en une v\u00e9ritable exp\u00e9rience de d\u00e9tente et de beaut\u00e9. Que vous soyez une femme ou un homme, nos soins sont con\u00e7us pour allier esth\u00e9tique, confort et bien-\u00eatre dans un cadre raffin\u00e9 et apaisant au c\u0153ur [&hellip;]<\/p>\n","protected":false},"author":1,"featured_media":0,"parent":0,"menu_order":0,"comment_status":"closed","ping_status":"closed","template":"","meta":{"_joinchat":[],"footnotes":""},"class_list":["post-910","page","type-page","status-publish","hentry"],"_links":{"self":[{"href":"https:\/\/spa-tanger.com\/es\/wp-json\/wp\/v2\/pages\/910","targetHints":{"allow":["GET"]}}],"collection":[{"href":"https:\/\/spa-tanger.com\/es\/wp-json\/wp\/v2\/pages"}],"about":[{"href":"https:\/\/spa-tanger.com\/es\/wp-json\/wp\/v2\/types\/page"}],"author":[{"embeddable":true,"href":"https:\/\/spa-tanger.com\/es\/wp-json\/wp\/v2\/users\/1"}],"replies":[{"embeddable":true,"href":"https:\/\/spa-tanger.com\/es\/wp-json\/wp\/v2\/comments?post=910"}],"version-history":[{"count":14,"href":"https:\/\/spa-tanger.com\/es\/wp-json\/wp\/v2\/pages\/910\/revisions"}],"predecessor-version":[{"id":1051,"href":"https:\/\/spa-tanger.com\/es\/wp-json\/wp\/v2\/pages\/910\/revisions\/1051"}],"wp:attachment":[{"href":"https:\/\/spa-tanger.com\/es\/wp-json\/wp\/v2\/media?parent=910"}],"curies":[{"name":"wp","href":"https:\/\/api.w.org\/{rel}","templated":true}]}}